{"id":131,"date":"2021-09-09T22:29:39","date_gmt":"2021-09-09T20:29:39","guid":{"rendered":"https:\/\/store.shaitubali.com\/shipping__delivery\/"},"modified":"2021-09-09T23:18:08","modified_gmt":"2021-09-09T21:18:08","slug":"shipping__delivery","status":"publish","type":"page","link":"https:\/\/store.shaitubali.com\/de\/shipping__delivery\/","title":{"rendered":"Versand &#038; Lieferung"},"content":{"rendered":"<p><strong>Preise, Versandkosten und Lieferinformationen<\/strong><\/p>\n<p>Die auf den Produktseiten genannten Preise enthalten die gesetzliche Mehrwertsteuer und sonstige Preisbestandteile.<\/p>\n<p>Wir liefern nur innerhalb der Europ\u00e4ischen Union.<\/p>\n<p>Zus\u00e4tzlich zu den angegebenen Preisen berechnen wir f\u00fcr die Lieferung Versandkosten abh\u00e4ngig von dem Land, in welches geliefert werden soll. Die Versandkosten werden Ihnen im Warenkorbsystem und auf der Bestellseite nochmals deutlich mitgeteilt.<\/p>\n<p>F\u00fcr digitale Inhalte (E-Books, Software, etc.) fallen keine Versandkosten an.<\/p>\n","protected":false},"excerpt":{"rendered":"<p>Preise, Versandkosten und Lieferinformationen Die auf den Produktseiten genannten Preise enthalten die gesetzliche Mehrwertsteuer und sonstige Preisbestandteile. Wir liefern nur innerhalb der Europ\u00e4ischen Union. Zus\u00e4tzlich zu den angegebenen Preisen berechnen wir f\u00fcr die Lieferung Versandkosten abh\u00e4ngig von dem Land, in welches geliefert werden soll. Die Versandkosten werden Ihnen im Warenkorbsystem und auf der Bestellseite nochmals [&hellip;]<\/p>\n","protected":false},"author":1,"featured_media":0,"parent":0,"menu_order":0,"comment_status":"closed","ping_status":"closed","template":"","meta":{"_et_pb_use_builder":"","_et_pb_old_content":"","_et_gb_content_width":"","footnotes":""},"class_list":["post-131","page","type-page","status-publish","hentry"],"jetpack_sharing_enabled":true,"_links":{"self":[{"href":"https:\/\/store.shaitubali.com\/de\/wp-json\/wp\/v2\/pages\/131","targetHints":{"allow":["GET"]}}],"collection":[{"href":"https:\/\/store.shaitubali.com\/de\/wp-json\/wp\/v2\/pages"}],"about":[{"href":"https:\/\/store.shaitubali.com\/de\/wp-json\/wp\/v2\/types\/page"}],"author":[{"embeddable":true,"href":"https:\/\/store.shaitubali.com\/de\/wp-json\/wp\/v2\/users\/1"}],"replies":[{"embeddable":true,"href":"https:\/\/store.shaitubali.com\/de\/wp-json\/wp\/v2\/comments?post=131"}],"version-history":[{"count":1,"href":"https:\/\/store.shaitubali.com\/de\/wp-json\/wp\/v2\/pages\/131\/revisions"}],"predecessor-version":[{"id":133,"href":"https:\/\/store.shaitubali.com\/de\/wp-json\/wp\/v2\/pages\/131\/revisions\/133"}],"wp:attachment":[{"href":"https:\/\/store.shaitubali.com\/de\/wp-json\/wp\/v2\/media?parent=131"}],"curies":[{"name":"wp","href":"https:\/\/api.w.org\/{rel}","templated":true}]}}